{"id":4026,"date":"2022-03-10T16:51:55","date_gmt":"2022-03-10T15:51:55","guid":{"rendered":"http:\/\/www.novium.fr\/startseite\/"},"modified":"2022-09-30T14:23:42","modified_gmt":"2022-09-30T12:23:42","slug":"startseite","status":"publish","type":"page","link":"https:\/\/www.novium.fr\/de\/","title":{"rendered":"Startseite"},"content":{"rendered":"<div class=\"wpb-content-wrapper\"><p>[vc_row unlock_row_content=&#8221;yes&#8221; row_height_percent=&#8221;0&#8243; override_padding=&#8221;yes&#8221; h_padding=&#8221;0&#8243; top_padding=&#8221;7&#8243; bottom_padding=&#8221;0&#8243; overlay_alpha=&#8221;50&#8243; equal_height=&#8221;yes&#8221; gutter_size=&#8221;0&#8243; column_width_percent=&#8221;100&#8243; shift_y=&#8221;0&#8243; z_index=&#8221;0&#8243; uncode_shortcode_id=&#8221;109266&#8243; row_height_pixel=&#8221;800px&#8221;][vc_column column_width_percent=&#8221;100&#8243; gutter_size=&#8221;3&#8243; back_image=&#8221;4708&#8243; overlay_alpha=&#8221;50&#8243; shift_x=&#8221;0&#8243; shift_y=&#8221;0&#8243; shift_y_down=&#8221;0&#8243; z_index=&#8221;0&#8243; medium_width=&#8221;0&#8243; mobile_width=&#8221;0&#8243; width=&#8221;1\/2&#8243; mobile_height=&#8221;340&#8243; uncode_shortcode_id=&#8221;122468&#8243;][\/vc_column][vc_column column_width_use_pixel=&#8221;yes&#8221; position_vertical=&#8221;middle&#8221; gutter_size=&#8221;3&#8243; override_padding=&#8221;yes&#8221; column_padding=&#8221;5&#8243; overlay_alpha=&#8221;50&#8243; shift_x=&#8221;0&#8243; shift_y=&#8221;0&#8243; shift_y_down=&#8221;0&#8243; z_index=&#8221;0&#8243; medium_width=&#8221;0&#8243; mobile_width=&#8221;0&#8243; width=&#8221;1\/2&#8243; column_width_pixel=&#8221;528&#8243; uncode_shortcode_id=&#8221;201827&#8243;][vc_custom_heading text_color=&#8221;accent&#8221; heading_semantic=&#8221;h6&#8243; text_size=&#8221;h6&#8243; text_transform=&#8221;uppercase&#8221; uncode_shortcode_id=&#8221;175621&#8243; text_color_type=&#8221;uncode-palette&#8221; el_class=&#8221;tagline-small&#8221;]Mehr Erfahren[\/vc_custom_heading][vc_custom_heading text_color=&#8221;color-335982&#8243; heading_semantic=&#8221;h3&#8243; text_size=&#8221;h3&#8243; separator=&#8221;yes&#8221; separator_color=&#8221;yes&#8221; uncode_shortcode_id=&#8221;105784&#8243; el_class=&#8221;section-title-block&#8221; text_color_type=&#8221;uncode-palette&#8221;]Unsere Unternehmenskultur[\/vc_custom_heading][vc_column_text uncode_shortcode_id=&#8221;607269&#8243;]<strong>Ein reaktives Unternehmen baut auf den Bindungen zwischen seinen Mitarbeitern auf. Die Kultur der Freundlichkeit, der Zusammenarbeit, des Engagements und der Verantwortlichkeit geh\u00f6rt zum Erbe von Novium.<\/strong> Sie erm\u00f6glicht die Entfaltung der gesamten Innovationsf\u00e4higkeit des Unternehmens, indem sie jedem Mitarbeiter ein positives, stimulierendes Umfeld bietet, in dem er sich bestm\u00f6glich ausdr\u00fccken kann.[\/vc_column_text][vc_button button_color=&#8221;color-196787&#8243; border_width=&#8221;0&#8243; link=&#8221;url:http%3A%2F%2Fwww.novium.fr%2Fde%2Findustrie-exzellenz-anforderung%2F|title:UNTERNEHMENSKULTUR&#8221; button_color_type=&#8221;uncode-palette&#8221; el_class=&#8221;regular-button&#8221; uncode_shortcode_id=&#8221;119065&#8243;]MEHR ERFAHREN[\/vc_button][\/vc_column][\/vc_row][vc_row row_height_percent=&#8221;0&#8243; override_padding=&#8221;yes&#8221; h_padding=&#8221;2&#8243; top_padding=&#8221;5&#8243; bottom_padding=&#8221;5&#8243; overlay_alpha=&#8221;50&#8243; gutter_size=&#8221;3&#8243; column_width_percent=&#8221;100&#8243; shift_y=&#8221;0&#8243; z_index=&#8221;0&#8243; uncode_shortcode_id=&#8221;165466&#8243; el_id=&#8221;block-grid-four&#8221; back_color_type=&#8221;uncode-solid&#8221; back_color_solid=&#8221;#f5f5f5&#8243;][vc_column width=&#8221;1\/1&#8243;][vc_row_inner limit_content=&#8221;&#8221;][vc_column_inner width=&#8221;1\/2&#8243;][vc_custom_heading text_color=&#8221;accent&#8221; heading_semantic=&#8221;h6&#8243; text_size=&#8221;h6&#8243; text_transform=&#8221;uppercase&#8221; uncode_shortcode_id=&#8221;904221&#8243; text_color_type=&#8221;uncode-palette&#8221; el_class=&#8221;tagline-small&#8221;]KNOW-HOW[\/vc_custom_heading][vc_custom_heading text_color=&#8221;color-335982&#8243; heading_semantic=&#8221;h3&#8243; text_size=&#8221;h3&#8243; separator=&#8221;yes&#8221; separator_color=&#8221;yes&#8221; uncode_shortcode_id=&#8221;103301&#8243; el_class=&#8221;section-title-block&#8221; text_color_type=&#8221;uncode-palette&#8221;]Im Dienste von Hightech-Branchen[\/vc_custom_heading][vc_column_text uncode_shortcode_id=&#8221;195663&#8243;][\/vc_column_text][\/vc_column_inner][vc_column_inner width=&#8221;1\/2&#8243;][\/vc_column_inner][\/vc_row_inner][vc_row_inner row_inner_height_percent=&#8221;0&#8243; overlay_alpha=&#8221;50&#8243; gutter_size=&#8221;3&#8243; shift_y=&#8221;0&#8243; z_index=&#8221;0&#8243; uncode_shortcode_id=&#8221;501413&#8243; el_class=&#8221;grid-four-first-row&#8221; limit_content=&#8221;&#8221;][vc_column_inner column_width_percent=&#8221;100&#8243; position_vertical=&#8221;middle&#8221; align_horizontal=&#8221;align_center&#8221; gutter_size=&#8221;3&#8243; back_image=&#8221;1366&#8243; kburns=&#8221;yes&#8221; overlay_color=&#8221;color-jevc&#8221; overlay_alpha=&#8221;35&#8243; shift_x=&#8221;0&#8243; shift_y=&#8221;0&#8243; shift_y_down=&#8221;0&#8243; z_index=&#8221;0&#8243; medium_width=&#8221;0&#8243; mobile_width=&#8221;0&#8243; width=&#8221;1\/2&#8243; uncode_shortcode_id=&#8221;133455&#8243; el_class=&#8221;element-grid-four&#8221; overlay_color_type=&#8221;uncode-palette&#8221;][vc_button button_color=&#8221;color-129770&#8243; border_width=&#8221;0&#8243; uncode_shortcode_id=&#8221;112959&#8243; el_class=&#8221;button-grid-four regular-button ferroviaire&#8221; button_color_type=&#8221;uncode-palette&#8221; link=&#8221;url:http%3A%2F%2Fwww.novium.fr%2Fde%2Fbahnwesen%2F|title:BAHNWESEN&#8221;]MEHR ERFAHREN[\/vc_button][vc_custom_heading text_color=&#8221;color-xsdn&#8221; text_font=&#8221;font-186349&#8243; text_size=&#8221;fontsize-363751&#8243; text_weight=&#8221;900&#8243; uncode_shortcode_id=&#8221;889033&#8243; text_color_type=&#8221;uncode-palette&#8221;]Bahnwesen[\/vc_custom_heading][\/vc_column_inner][vc_column_inner column_width_percent=&#8221;100&#8243; position_vertical=&#8221;middle&#8221; align_horizontal=&#8221;align_center&#8221; gutter_size=&#8221;3&#8243; back_image=&#8221;1385&#8243; kburns=&#8221;yes&#8221; overlay_color=&#8221;color-jevc&#8221; overlay_alpha=&#8221;35&#8243; shift_x=&#8221;0&#8243; shift_y=&#8221;0&#8243; shift_y_down=&#8221;0&#8243; z_index=&#8221;0&#8243; medium_width=&#8221;0&#8243; mobile_width=&#8221;0&#8243; width=&#8221;1\/2&#8243; uncode_shortcode_id=&#8221;162371&#8243; overlay_color_type=&#8221;uncode-palette&#8221; el_class=&#8221;element-grid-four&#8221;][vc_button button_color=&#8221;color-826770&#8243; border_width=&#8221;0&#8243; uncode_shortcode_id=&#8221;368274&#8243; el_class=&#8221;button-grid-four regular-button defense&#8221; button_color_type=&#8221;uncode-palette&#8221; link=&#8221;url:http%3A%2F%2Fwww.novium.fr%2Fde%2Fverteidigung-und-marine%2F|title:VERTEIDIGUNG%20UND%20MARINE&#8221;]MEHR ERFAHREN[\/vc_button][vc_custom_heading text_color=&#8221;color-xsdn&#8221; text_font=&#8221;font-186349&#8243; text_size=&#8221;fontsize-363751&#8243; text_weight=&#8221;900&#8243; uncode_shortcode_id=&#8221;673507&#8243; text_color_type=&#8221;uncode-palette&#8221;]Verteidigung[\/vc_custom_heading][\/vc_column_inner][\/vc_row_inner][vc_row_inner row_inner_height_percent=&#8221;0&#8243; overlay_alpha=&#8221;50&#8243; gutter_size=&#8221;3&#8243; shift_y=&#8221;0&#8243; z_index=&#8221;0&#8243; uncode_shortcode_id=&#8221;208681&#8243; limit_content=&#8221;&#8221;][vc_column_inner column_width_percent=&#8221;100&#8243; position_vertical=&#8221;middle&#8221; align_horizontal=&#8221;align_center&#8221; gutter_size=&#8221;3&#8243; back_image=&#8221;2913&#8243; kburns=&#8221;yes&#8221; overlay_color=&#8221;color-jevc&#8221; overlay_alpha=&#8221;35&#8243; shift_x=&#8221;0&#8243; shift_y=&#8221;0&#8243; shift_y_down=&#8221;0&#8243; z_index=&#8221;0&#8243; medium_width=&#8221;0&#8243; mobile_width=&#8221;0&#8243; width=&#8221;1\/2&#8243; uncode_shortcode_id=&#8221;180793&#8243; el_class=&#8221;element-grid-four&#8221; overlay_color_type=&#8221;uncode-palette&#8221;][vc_button button_color=&#8221;color-973066&#8243; border_width=&#8221;0&#8243; uncode_shortcode_id=&#8221;465588&#8243; el_class=&#8221;button-grid-four regular-button ecm&#8221; button_color_type=&#8221;uncode-palette&#8221; link=&#8221;url:http%3A%2F%2Fwww.novium.fr%2Fde%2Fecm-und-dienstleistungen%2F|title:ECM%20UND%20DIENSTLEISTUNGEN&#8221;]MEHR ERFAHREN[\/vc_button][vc_custom_heading text_color=&#8221;color-xsdn&#8221; text_font=&#8221;font-186349&#8243; text_size=&#8221;fontsize-363751&#8243; text_weight=&#8221;900&#8243; uncode_shortcode_id=&#8221;207814&#8243; text_color_type=&#8221;uncode-palette&#8221;]ECM und Dienstleistungen[\/vc_custom_heading][\/vc_column_inner][vc_column_inner column_width_percent=&#8221;100&#8243; position_vertical=&#8221;middle&#8221; align_horizontal=&#8221;align_center&#8221; gutter_size=&#8221;3&#8243; back_image=&#8221;2910&#8243; kburns=&#8221;yes&#8221; overlay_color=&#8221;color-jevc&#8221; overlay_alpha=&#8221;35&#8243; shift_x=&#8221;0&#8243; shift_y=&#8221;0&#8243; shift_y_down=&#8221;0&#8243; z_index=&#8221;0&#8243; medium_width=&#8221;0&#8243; mobile_width=&#8221;0&#8243; width=&#8221;1\/2&#8243; uncode_shortcode_id=&#8221;101039&#8243; overlay_color_type=&#8221;uncode-palette&#8221; el_class=&#8221;element-grid-four&#8221;][vc_button button_color=&#8221;color-196684&#8243; border_width=&#8221;0&#8243; uncode_shortcode_id=&#8221;700863&#8243; el_class=&#8221;button-grid-four regular-button construction&#8221; button_color_type=&#8221;uncode-palette&#8221; link=&#8221;url:http%3A%2F%2Fwww.novium.fr%2Fde%2Fsondermaschinenbau%2F|title:SONDERMASCHINENBAU&#8221;]MEHR ERFAHREN[\/vc_button][vc_custom_heading text_color=&#8221;color-xsdn&#8221; text_font=&#8221;font-186349&#8243; text_size=&#8221;fontsize-363751&#8243; text_weight=&#8221;900&#8243; uncode_shortcode_id=&#8221;176131&#8243; text_color_type=&#8221;uncode-palette&#8221;]Sondermaschinenbau[\/vc_custom_heading][\/vc_column_inner][\/vc_row_inner][\/vc_column][\/vc_row][vc_row unlock_row_content=&#8221;yes&#8221; row_height_percent=&#8221;100&#8243; back_image=&#8221;1402&#8243; overlay_alpha=&#8221;50&#8243; gutter_size=&#8221;3&#8243; column_width_percent=&#8221;100&#8243; shift_y=&#8221;0&#8243; z_index=&#8221;0&#8243; uncode_shortcode_id=&#8221;151550&#8243; el_class=&#8221;full-widh-picture-block left-top-red-arrow big-point-grid-bottom&#8221; row_height_pixel=&#8221;500px&#8221;][vc_column column_width_percent=&#8221;100&#8243; gutter_size=&#8221;3&#8243; overlay_alpha=&#8221;50&#8243; shift_x=&#8221;0&#8243; shift_y=&#8221;0&#8243; shift_y_down=&#8221;0&#8243; z_index=&#8221;0&#8243; medium_width=&#8221;0&#8243; mobile_width=&#8221;0&#8243; width=&#8221;1\/1&#8243; uncode_shortcode_id=&#8221;104246&#8243;][\/vc_column][\/vc_row]<\/p>\n<\/div>","protected":false},"excerpt":{"rendered":"<p>Innovation im Dienste der Mobilit\u00e4t von Personen und der Sicherheit der B\u00fcrger<\/p>\n","protected":false},"author":1,"featured_media":0,"parent":0,"menu_order":0,"comment_status":"closed","ping_status":"closed","template":"","meta":{"_acf_changed":false,"footnotes":""},"class_list":["post-4026","page","type-page","status-publish","hentry"],"acf":[],"_links":{"self":[{"href":"https:\/\/www.novium.fr\/de\/wp-json\/wp\/v2\/pages\/4026","targetHints":{"allow":["GET"]}}],"collection":[{"href":"https:\/\/www.novium.fr\/de\/wp-json\/wp\/v2\/pages"}],"about":[{"href":"https:\/\/www.novium.fr\/de\/wp-json\/wp\/v2\/types\/page"}],"author":[{"embeddable":true,"href":"https:\/\/www.novium.fr\/de\/wp-json\/wp\/v2\/users\/1"}],"replies":[{"embeddable":true,"href":"https:\/\/www.novium.fr\/de\/wp-json\/wp\/v2\/comments?post=4026"}],"version-history":[{"count":5,"href":"https:\/\/www.novium.fr\/de\/wp-json\/wp\/v2\/pages\/4026\/revisions"}],"predecessor-version":[{"id":4716,"href":"https:\/\/www.novium.fr\/de\/wp-json\/wp\/v2\/pages\/4026\/revisions\/4716"}],"wp:attachment":[{"href":"https:\/\/www.novium.fr\/de\/wp-json\/wp\/v2\/media?parent=4026"}],"curies":[{"name":"wp","href":"https:\/\/api.w.org\/{rel}","templated":true}]}}